{"id":10318,"date":"2021-02-03T15:27:12","date_gmt":"2021-02-03T14:27:12","guid":{"rendered":"https:\/\/faschingszunft.ch\/produkt\/masque-de-protection\/"},"modified":"2021-02-21T09:20:28","modified_gmt":"2021-02-21T08:20:28","slug":"masque-de-protection","status":"publish","type":"product","link":"https:\/\/faschingszunft.ch\/fr\/produkt\/masque-de-protection\/","title":{"rendered":"Masque de protection, set de 2"},"content":{"rendered":"<p>Le tissu en polyester Ibra garantit un port confortable pour le visage. Le traitement SANITIZED SILVER effectu\u00e9 garantit lui une TOIRACTION antibact\u00e9rienne excellente et une longue dur\u00e9e de vie.<\/p>\n","protected":false},"excerpt":{"rendered":"<p>Aussi longtemps qu&rsquo;il y a une <strong>obligation de porter un masque<\/strong>, le masque de protection de la guilde de carnaval est id\u00e9al pour participer \u00e0 un \u00e9v\u00e9nement de <strong>carnaval<\/strong> ou pour faire un <strong>tour de shopping <\/strong>!<\/p>\n<p><strong>Attention:<\/strong> set de 2<\/p>\n","protected":false},"featured_media":10042,"template":"","meta":[],"product_brand":[],"product_cat":[86],"product_tag":[],"class_list":{"0":"post-10318","1":"product","2":"type-product","3":"status-publish","4":"has-post-thumbnail","6":"product_cat-textile","7":"product_shipping_class-petites-fournitures","9":"first","10":"instock","11":"shipping-taxable","12":"purchasable","13":"product-type-simple"},"yoast_head":"<!-- This site is optimized with the Yoast SEO plugin v27.4 - https:\/\/yoast.com\/product\/yoast-seo-wordpress\/ -->\n<title>Masque de protection, set de 2 - Guilde du Carnaval Bienne<\/title>\n<meta name=\"robots\" content=\"index, follow, max-snippet:-1, max-image-preview:large, max-video-preview:-1\" \/>\n<link rel=\"canonical\" href=\"https:\/\/faschingszunft.ch\/fr\/produkt\/masque-de-protection\/\" \/>\n<meta property=\"og:locale\" content=\"fr_FR\" \/>\n<meta property=\"og:type\" content=\"article\" \/>\n<meta property=\"og:title\" content=\"Masque de protection, set de 2 - Guilde du Carnaval Bienne\" \/>\n<meta property=\"og:description\" content=\"Aussi longtemps qu&#039;il y a une obligation de porter un masque, le masque de protection de la guilde de carnaval est id\u00e9al pour participer \u00e0 un \u00e9v\u00e9nement de carnaval ou pour faire un tour de shopping !  Attention: set de 2\" \/>\n<meta property=\"og:url\" content=\"https:\/\/faschingszunft.ch\/fr\/produkt\/masque-de-protection\/\" \/>\n<meta property=\"og:site_name\" content=\"Guilde du Carnaval Bienne\" \/>\n<meta property=\"article:publisher\" content=\"https:\/\/www.facebook.com\/Faschingszunft\" \/>\n<meta property=\"article:modified_time\" content=\"2021-02-21T08:20:28+00:00\" \/>\n<meta property=\"og:image\" content=\"https:\/\/faschingszunft.ch\/wp-content\/uploads\/2021\/02\/maske_1.png\" \/>\n\t<meta property=\"og:image:width\" content=\"1030\" \/>\n\t<meta property=\"og:image:height\" content=\"773\" \/>\n\t<meta property=\"og:image:type\" content=\"image\/png\" \/>\n<meta name=\"twitter:card\" content=\"summary_large_image\" \/>\n<script type=\"application\/ld+json\" class=\"yoast-schema-graph\">{\"@context\":\"https:\\\/\\\/schema.org\",\"@graph\":[{\"@type\":\"WebPage\",\"@id\":\"https:\\\/\\\/faschingszunft.ch\\\/fr\\\/produkt\\\/masque-de-protection\\\/\",\"url\":\"https:\\\/\\\/faschingszunft.ch\\\/fr\\\/produkt\\\/masque-de-protection\\\/\",\"name\":\"Masque de protection, set de 2 - Guilde du Carnaval Bienne\",\"isPartOf\":{\"@id\":\"https:\\\/\\\/faschingszunft.ch\\\/fr\\\/#website\"},\"primaryImageOfPage\":{\"@id\":\"https:\\\/\\\/faschingszunft.ch\\\/fr\\\/produkt\\\/masque-de-protection\\\/#primaryimage\"},\"image\":{\"@id\":\"https:\\\/\\\/faschingszunft.ch\\\/fr\\\/produkt\\\/masque-de-protection\\\/#primaryimage\"},\"thumbnailUrl\":\"https:\\\/\\\/faschingszunft.ch\\\/wp-content\\\/uploads\\\/2021\\\/02\\\/maske_1.png\",\"datePublished\":\"2021-02-03T14:27:12+00:00\",\"dateModified\":\"2021-02-21T08:20:28+00:00\",\"breadcrumb\":{\"@id\":\"https:\\\/\\\/faschingszunft.ch\\\/fr\\\/produkt\\\/masque-de-protection\\\/#breadcrumb\"},\"inLanguage\":\"fr-FR\",\"potentialAction\":[{\"@type\":\"ReadAction\",\"target\":[\"https:\\\/\\\/faschingszunft.ch\\\/fr\\\/produkt\\\/masque-de-protection\\\/\"]}]},{\"@type\":\"ImageObject\",\"inLanguage\":\"fr-FR\",\"@id\":\"https:\\\/\\\/faschingszunft.ch\\\/fr\\\/produkt\\\/masque-de-protection\\\/#primaryimage\",\"url\":\"https:\\\/\\\/faschingszunft.ch\\\/wp-content\\\/uploads\\\/2021\\\/02\\\/maske_1.png\",\"contentUrl\":\"https:\\\/\\\/faschingszunft.ch\\\/wp-content\\\/uploads\\\/2021\\\/02\\\/maske_1.png\",\"width\":1030,\"height\":773},{\"@type\":\"BreadcrumbList\",\"@id\":\"https:\\\/\\\/faschingszunft.ch\\\/fr\\\/produkt\\\/masque-de-protection\\\/#breadcrumb\",\"itemListElement\":[{\"@type\":\"ListItem\",\"position\":1,\"name\":\"Startseite\",\"item\":\"https:\\\/\\\/faschingszunft.ch\\\/fr\\\/home\\\/\"},{\"@type\":\"ListItem\",\"position\":2,\"name\":\"Boutique\",\"item\":\"https:\\\/\\\/faschingszunft.ch\\\/fr\\\/boutique\\\/\"},{\"@type\":\"ListItem\",\"position\":3,\"name\":\"Masque de protection, set de 2\"}]},{\"@type\":\"WebSite\",\"@id\":\"https:\\\/\\\/faschingszunft.ch\\\/fr\\\/#website\",\"url\":\"https:\\\/\\\/faschingszunft.ch\\\/fr\\\/\",\"name\":\"Guilde du Carnaval Bienne\",\"description\":\"DIE Seel\u00e4nder Fasnacht\",\"publisher\":{\"@id\":\"https:\\\/\\\/faschingszunft.ch\\\/fr\\\/#organization\"},\"potentialAction\":[{\"@type\":\"SearchAction\",\"target\":{\"@type\":\"EntryPoint\",\"urlTemplate\":\"https:\\\/\\\/faschingszunft.ch\\\/fr\\\/?s={search_term_string}\"},\"query-input\":{\"@type\":\"PropertyValueSpecification\",\"valueRequired\":true,\"valueName\":\"search_term_string\"}}],\"inLanguage\":\"fr-FR\"},{\"@type\":\"Organization\",\"@id\":\"https:\\\/\\\/faschingszunft.ch\\\/fr\\\/#organization\",\"name\":\"Guilde du Carnaval Bienne\",\"url\":\"https:\\\/\\\/faschingszunft.ch\\\/fr\\\/\",\"logo\":{\"@type\":\"ImageObject\",\"inLanguage\":\"fr-FR\",\"@id\":\"https:\\\/\\\/faschingszunft.ch\\\/fr\\\/#\\\/schema\\\/logo\\\/image\\\/\",\"url\":\"https:\\\/\\\/faschingszunft.ch\\\/wp-content\\\/uploads\\\/2022\\\/02\\\/logo-512x512-1.png\",\"contentUrl\":\"https:\\\/\\\/faschingszunft.ch\\\/wp-content\\\/uploads\\\/2022\\\/02\\\/logo-512x512-1.png\",\"width\":512,\"height\":512,\"caption\":\"Guilde du Carnaval Bienne\"},\"image\":{\"@id\":\"https:\\\/\\\/faschingszunft.ch\\\/fr\\\/#\\\/schema\\\/logo\\\/image\\\/\"},\"sameAs\":[\"https:\\\/\\\/www.facebook.com\\\/Faschingszunft\",\"https:\\\/\\\/www.instagram.com\\\/faschingszunft_biel\\\/\"]}]}<\/script>\n<!-- \/ Yoast SEO plugin. -->","yoast_head_json":{"title":"Masque de protection, set de 2 - Guilde du Carnaval Bienne","robots":{"index":"index","follow":"follow","max-snippet":"max-snippet:-1","max-image-preview":"max-image-preview:large","max-video-preview":"max-video-preview:-1"},"canonical":"https:\/\/faschingszunft.ch\/fr\/produkt\/masque-de-protection\/","og_locale":"fr_FR","og_type":"article","og_title":"Masque de protection, set de 2 - Guilde du Carnaval Bienne","og_description":"Aussi longtemps qu'il y a une obligation de porter un masque, le masque de protection de la guilde de carnaval est id\u00e9al pour participer \u00e0 un \u00e9v\u00e9nement de carnaval ou pour faire un tour de shopping !  Attention: set de 2","og_url":"https:\/\/faschingszunft.ch\/fr\/produkt\/masque-de-protection\/","og_site_name":"Guilde du Carnaval Bienne","article_publisher":"https:\/\/www.facebook.com\/Faschingszunft","article_modified_time":"2021-02-21T08:20:28+00:00","og_image":[{"width":1030,"height":773,"url":"https:\/\/faschingszunft.ch\/wp-content\/uploads\/2021\/02\/maske_1.png","type":"image\/png"}],"twitter_card":"summary_large_image","schema":{"@context":"https:\/\/schema.org","@graph":[{"@type":"WebPage","@id":"https:\/\/faschingszunft.ch\/fr\/produkt\/masque-de-protection\/","url":"https:\/\/faschingszunft.ch\/fr\/produkt\/masque-de-protection\/","name":"Masque de protection, set de 2 - Guilde du Carnaval Bienne","isPartOf":{"@id":"https:\/\/faschingszunft.ch\/fr\/#website"},"primaryImageOfPage":{"@id":"https:\/\/faschingszunft.ch\/fr\/produkt\/masque-de-protection\/#primaryimage"},"image":{"@id":"https:\/\/faschingszunft.ch\/fr\/produkt\/masque-de-protection\/#primaryimage"},"thumbnailUrl":"https:\/\/faschingszunft.ch\/wp-content\/uploads\/2021\/02\/maske_1.png","datePublished":"2021-02-03T14:27:12+00:00","dateModified":"2021-02-21T08:20:28+00:00","breadcrumb":{"@id":"https:\/\/faschingszunft.ch\/fr\/produkt\/masque-de-protection\/#breadcrumb"},"inLanguage":"fr-FR","potentialAction":[{"@type":"ReadAction","target":["https:\/\/faschingszunft.ch\/fr\/produkt\/masque-de-protection\/"]}]},{"@type":"ImageObject","inLanguage":"fr-FR","@id":"https:\/\/faschingszunft.ch\/fr\/produkt\/masque-de-protection\/#primaryimage","url":"https:\/\/faschingszunft.ch\/wp-content\/uploads\/2021\/02\/maske_1.png","contentUrl":"https:\/\/faschingszunft.ch\/wp-content\/uploads\/2021\/02\/maske_1.png","width":1030,"height":773},{"@type":"BreadcrumbList","@id":"https:\/\/faschingszunft.ch\/fr\/produkt\/masque-de-protection\/#breadcrumb","itemListElement":[{"@type":"ListItem","position":1,"name":"Startseite","item":"https:\/\/faschingszunft.ch\/fr\/home\/"},{"@type":"ListItem","position":2,"name":"Boutique","item":"https:\/\/faschingszunft.ch\/fr\/boutique\/"},{"@type":"ListItem","position":3,"name":"Masque de protection, set de 2"}]},{"@type":"WebSite","@id":"https:\/\/faschingszunft.ch\/fr\/#website","url":"https:\/\/faschingszunft.ch\/fr\/","name":"Guilde du Carnaval Bienne","description":"DIE Seel\u00e4nder Fasnacht","publisher":{"@id":"https:\/\/faschingszunft.ch\/fr\/#organization"},"potentialAction":[{"@type":"SearchAction","target":{"@type":"EntryPoint","urlTemplate":"https:\/\/faschingszunft.ch\/fr\/?s={search_term_string}"},"query-input":{"@type":"PropertyValueSpecification","valueRequired":true,"valueName":"search_term_string"}}],"inLanguage":"fr-FR"},{"@type":"Organization","@id":"https:\/\/faschingszunft.ch\/fr\/#organization","name":"Guilde du Carnaval Bienne","url":"https:\/\/faschingszunft.ch\/fr\/","logo":{"@type":"ImageObject","inLanguage":"fr-FR","@id":"https:\/\/faschingszunft.ch\/fr\/#\/schema\/logo\/image\/","url":"https:\/\/faschingszunft.ch\/wp-content\/uploads\/2022\/02\/logo-512x512-1.png","contentUrl":"https:\/\/faschingszunft.ch\/wp-content\/uploads\/2022\/02\/logo-512x512-1.png","width":512,"height":512,"caption":"Guilde du Carnaval Bienne"},"image":{"@id":"https:\/\/faschingszunft.ch\/fr\/#\/schema\/logo\/image\/"},"sameAs":["https:\/\/www.facebook.com\/Faschingszunft","https:\/\/www.instagram.com\/faschingszunft_biel\/"]}]}},"publishpress_future_workflow_manual_trigger":{"enabledWorkflows":[]},"_links":{"self":[{"href":"https:\/\/faschingszunft.ch\/fr\/wp-json\/wp\/v2\/product\/10318","targetHints":{"allow":["GET"]}}],"collection":[{"href":"https:\/\/faschingszunft.ch\/fr\/wp-json\/wp\/v2\/product"}],"about":[{"href":"https:\/\/faschingszunft.ch\/fr\/wp-json\/wp\/v2\/types\/product"}],"wp:featuredmedia":[{"embeddable":true,"href":"https:\/\/faschingszunft.ch\/fr\/wp-json\/wp\/v2\/media\/10042"}],"wp:attachment":[{"href":"https:\/\/faschingszunft.ch\/fr\/wp-json\/wp\/v2\/media?parent=10318"}],"wp:term":[{"taxonomy":"product_brand","embeddable":true,"href":"https:\/\/faschingszunft.ch\/fr\/wp-json\/wp\/v2\/product_brand?post=10318"},{"taxonomy":"product_cat","embeddable":true,"href":"https:\/\/faschingszunft.ch\/fr\/wp-json\/wp\/v2\/product_cat?post=10318"},{"taxonomy":"product_tag","embeddable":true,"href":"https:\/\/faschingszunft.ch\/fr\/wp-json\/wp\/v2\/product_tag?post=10318"}],"curies":[{"name":"wp","href":"https:\/\/api.w.org\/{rel}","templated":true}]}}