{"id":16119,"date":"2021-06-04T13:02:49","date_gmt":"2021-06-04T11:02:49","guid":{"rendered":"https:\/\/faschingszunft.ch\/produkt\/sac-a-dos-brode\/"},"modified":"2022-12-09T08:17:06","modified_gmt":"2022-12-09T07:17:06","slug":"sac-a-dos-brode","status":"publish","type":"product","link":"https:\/\/faschingszunft.ch\/fr\/produkt\/sac-a-dos-brode\/","title":{"rendered":"Sac \u00e0 dos brod\u00e9"},"content":{"rendered":"<p>Ce sac \u00e0 dos brod\u00e9, au design \u00e9poustouflant le long d&rsquo;un dos rembourr\u00e9 et de bretelles r\u00e9glables, allie fonctionnalit\u00e9 et belle apparence. Le compartiment principal \u00e0 fermeture \u00e9clair bidirectionnelle te permet de transporter tout ce dont tu as besoin, d&rsquo;un ordinateur portable de 15 pouces \u00e0 des livres, et la poche avant zipp\u00e9e te permet de ranger ton t\u00e9l\u00e9phone portable et tes cl\u00e9s en toute s\u00e9curit\u00e9.<\/p>\n<p>\u2022 100 % polyester, 600D<br \/>\n\u2022 Mat\u00e9riau \u00e0 deux tons<br \/>\n\u2022 Dimensions : H\u00d7L\u00d7D 42 cm \u00d7 31 cm \u00d7 21 cm<br \/>\n\u2022 Capacit\u00e9 de remplissage : 18 l<br \/>\n\u2022 Poign\u00e9e de transport en haut<br \/>\n\u2022 poche zipp\u00e9e \u00e0 l&rsquo;avant<br \/>\n\u2022 Fermeture \u00e9clair en haut avec 2 curseurs<br \/>\n\u2022 Grande poche int\u00e9rieure avec dos rembourr\u00e9<br \/>\n\u2022 Bandouli\u00e8res rembourr\u00e9es de couleur assortie et ajustables<\/p>\n","protected":false},"excerpt":{"rendered":"<p>Ce sac \u00e0 dos brod\u00e9, au design \u00e9poustouflant le long d&rsquo;un dos rembourr\u00e9 et de bretelles r\u00e9glables, allie fonctionnalit\u00e9 et belle apparence. Le compartiment principal \u00e0 fermeture \u00e9clair bidirectionnelle te permet de transporter tout ce dont tu as besoin, d&rsquo;un ordinateur portable de 15 pouces \u00e0 des livres, et la poche avant zipp\u00e9e te permet [&hellip;]<\/p>\n","protected":false},"featured_media":13244,"template":"","meta":[],"product_brand":[],"product_cat":[85],"product_tag":[],"class_list":{"0":"post-16119","1":"product","2":"type-product","3":"status-publish","4":"has-post-thumbnail","6":"product_cat-accessoires-fr","8":"first","9":"instock","10":"shipping-taxable","11":"purchasable","12":"product-type-simple"},"yoast_head":"<!-- This site is optimized with the Yoast SEO plugin v27.4 - https:\/\/yoast.com\/product\/yoast-seo-wordpress\/ -->\n<title>Sac \u00e0 dos brod\u00e9 - Guilde du Carnaval Bienne<\/title>\n<meta name=\"robots\" content=\"index, follow, max-snippet:-1, max-image-preview:large, max-video-preview:-1\" \/>\n<link rel=\"canonical\" href=\"https:\/\/faschingszunft.ch\/fr\/produkt\/sac-a-dos-brode\/\" \/>\n<meta property=\"og:locale\" content=\"fr_FR\" \/>\n<meta property=\"og:type\" content=\"article\" \/>\n<meta property=\"og:title\" content=\"Sac \u00e0 dos brod\u00e9 - Guilde du Carnaval Bienne\" \/>\n<meta property=\"og:description\" content=\"Ce sac \u00e0 dos brod\u00e9, au design \u00e9poustouflant le long d&rsquo;un dos rembourr\u00e9 et de bretelles r\u00e9glables, allie fonctionnalit\u00e9 et belle apparence. Le compartiment principal \u00e0 fermeture \u00e9clair bidirectionnelle te permet de transporter tout ce dont tu as besoin, d&rsquo;un ordinateur portable de 15 pouces \u00e0 des livres, et la poche avant zipp\u00e9e te permet [&hellip;]\" \/>\n<meta property=\"og:url\" content=\"https:\/\/faschingszunft.ch\/fr\/produkt\/sac-a-dos-brode\/\" \/>\n<meta property=\"og:site_name\" content=\"Guilde du Carnaval Bienne\" \/>\n<meta property=\"article:publisher\" content=\"https:\/\/www.facebook.com\/Faschingszunft\" \/>\n<meta property=\"article:modified_time\" content=\"2022-12-09T07:17:06+00:00\" \/>\n<meta property=\"og:image\" content=\"https:\/\/faschingszunft.ch\/wp-content\/uploads\/2021\/06\/embroidered-simple-backpack-i-bagbase-bg126-grey-marl-front-60bf2fb926611.jpg\" \/>\n\t<meta property=\"og:image:width\" content=\"1000\" \/>\n\t<meta property=\"og:image:height\" content=\"1000\" \/>\n\t<meta property=\"og:image:type\" content=\"image\/jpeg\" \/>\n<meta name=\"twitter:card\" content=\"summary_large_image\" \/>\n<meta name=\"twitter:label1\" content=\"Dur\u00e9e de lecture estim\u00e9e\" \/>\n\t<meta name=\"twitter:data1\" content=\"1 minute\" \/>\n<script type=\"application\/ld+json\" class=\"yoast-schema-graph\">{\"@context\":\"https:\\\/\\\/schema.org\",\"@graph\":[{\"@type\":\"WebPage\",\"@id\":\"https:\\\/\\\/faschingszunft.ch\\\/fr\\\/produkt\\\/sac-a-dos-brode\\\/\",\"url\":\"https:\\\/\\\/faschingszunft.ch\\\/fr\\\/produkt\\\/sac-a-dos-brode\\\/\",\"name\":\"Sac \u00e0 dos brod\u00e9 - Guilde du Carnaval Bienne\",\"isPartOf\":{\"@id\":\"https:\\\/\\\/faschingszunft.ch\\\/fr\\\/#website\"},\"primaryImageOfPage\":{\"@id\":\"https:\\\/\\\/faschingszunft.ch\\\/fr\\\/produkt\\\/sac-a-dos-brode\\\/#primaryimage\"},\"image\":{\"@id\":\"https:\\\/\\\/faschingszunft.ch\\\/fr\\\/produkt\\\/sac-a-dos-brode\\\/#primaryimage\"},\"thumbnailUrl\":\"https:\\\/\\\/faschingszunft.ch\\\/wp-content\\\/uploads\\\/2021\\\/06\\\/embroidered-simple-backpack-i-bagbase-bg126-grey-marl-front-60bf2fb926611.jpg\",\"datePublished\":\"2021-06-04T11:02:49+00:00\",\"dateModified\":\"2022-12-09T07:17:06+00:00\",\"breadcrumb\":{\"@id\":\"https:\\\/\\\/faschingszunft.ch\\\/fr\\\/produkt\\\/sac-a-dos-brode\\\/#breadcrumb\"},\"inLanguage\":\"fr-FR\",\"potentialAction\":[{\"@type\":\"ReadAction\",\"target\":[\"https:\\\/\\\/faschingszunft.ch\\\/fr\\\/produkt\\\/sac-a-dos-brode\\\/\"]}]},{\"@type\":\"ImageObject\",\"inLanguage\":\"fr-FR\",\"@id\":\"https:\\\/\\\/faschingszunft.ch\\\/fr\\\/produkt\\\/sac-a-dos-brode\\\/#primaryimage\",\"url\":\"https:\\\/\\\/faschingszunft.ch\\\/wp-content\\\/uploads\\\/2021\\\/06\\\/embroidered-simple-backpack-i-bagbase-bg126-grey-marl-front-60bf2fb926611.jpg\",\"contentUrl\":\"https:\\\/\\\/faschingszunft.ch\\\/wp-content\\\/uploads\\\/2021\\\/06\\\/embroidered-simple-backpack-i-bagbase-bg126-grey-marl-front-60bf2fb926611.jpg\",\"width\":1000,\"height\":1000},{\"@type\":\"BreadcrumbList\",\"@id\":\"https:\\\/\\\/faschingszunft.ch\\\/fr\\\/produkt\\\/sac-a-dos-brode\\\/#breadcrumb\",\"itemListElement\":[{\"@type\":\"ListItem\",\"position\":1,\"name\":\"Startseite\",\"item\":\"https:\\\/\\\/faschingszunft.ch\\\/fr\\\/home\\\/\"},{\"@type\":\"ListItem\",\"position\":2,\"name\":\"Boutique\",\"item\":\"https:\\\/\\\/faschingszunft.ch\\\/fr\\\/boutique\\\/\"},{\"@type\":\"ListItem\",\"position\":3,\"name\":\"Sac \u00e0 dos brod\u00e9\"}]},{\"@type\":\"WebSite\",\"@id\":\"https:\\\/\\\/faschingszunft.ch\\\/fr\\\/#website\",\"url\":\"https:\\\/\\\/faschingszunft.ch\\\/fr\\\/\",\"name\":\"Guilde du Carnaval Bienne\",\"description\":\"DIE Seel\u00e4nder Fasnacht\",\"publisher\":{\"@id\":\"https:\\\/\\\/faschingszunft.ch\\\/fr\\\/#organization\"},\"potentialAction\":[{\"@type\":\"SearchAction\",\"target\":{\"@type\":\"EntryPoint\",\"urlTemplate\":\"https:\\\/\\\/faschingszunft.ch\\\/fr\\\/?s={search_term_string}\"},\"query-input\":{\"@type\":\"PropertyValueSpecification\",\"valueRequired\":true,\"valueName\":\"search_term_string\"}}],\"inLanguage\":\"fr-FR\"},{\"@type\":\"Organization\",\"@id\":\"https:\\\/\\\/faschingszunft.ch\\\/fr\\\/#organization\",\"name\":\"Guilde du Carnaval Bienne\",\"url\":\"https:\\\/\\\/faschingszunft.ch\\\/fr\\\/\",\"logo\":{\"@type\":\"ImageObject\",\"inLanguage\":\"fr-FR\",\"@id\":\"https:\\\/\\\/faschingszunft.ch\\\/fr\\\/#\\\/schema\\\/logo\\\/image\\\/\",\"url\":\"https:\\\/\\\/faschingszunft.ch\\\/wp-content\\\/uploads\\\/2022\\\/02\\\/logo-512x512-1.png\",\"contentUrl\":\"https:\\\/\\\/faschingszunft.ch\\\/wp-content\\\/uploads\\\/2022\\\/02\\\/logo-512x512-1.png\",\"width\":512,\"height\":512,\"caption\":\"Guilde du Carnaval Bienne\"},\"image\":{\"@id\":\"https:\\\/\\\/faschingszunft.ch\\\/fr\\\/#\\\/schema\\\/logo\\\/image\\\/\"},\"sameAs\":[\"https:\\\/\\\/www.facebook.com\\\/Faschingszunft\",\"https:\\\/\\\/www.instagram.com\\\/faschingszunft_biel\\\/\"]}]}<\/script>\n<!-- \/ Yoast SEO plugin. -->","yoast_head_json":{"title":"Sac \u00e0 dos brod\u00e9 - Guilde du Carnaval Bienne","robots":{"index":"index","follow":"follow","max-snippet":"max-snippet:-1","max-image-preview":"max-image-preview:large","max-video-preview":"max-video-preview:-1"},"canonical":"https:\/\/faschingszunft.ch\/fr\/produkt\/sac-a-dos-brode\/","og_locale":"fr_FR","og_type":"article","og_title":"Sac \u00e0 dos brod\u00e9 - Guilde du Carnaval Bienne","og_description":"Ce sac \u00e0 dos brod\u00e9, au design \u00e9poustouflant le long d&rsquo;un dos rembourr\u00e9 et de bretelles r\u00e9glables, allie fonctionnalit\u00e9 et belle apparence. Le compartiment principal \u00e0 fermeture \u00e9clair bidirectionnelle te permet de transporter tout ce dont tu as besoin, d&rsquo;un ordinateur portable de 15 pouces \u00e0 des livres, et la poche avant zipp\u00e9e te permet [&hellip;]","og_url":"https:\/\/faschingszunft.ch\/fr\/produkt\/sac-a-dos-brode\/","og_site_name":"Guilde du Carnaval Bienne","article_publisher":"https:\/\/www.facebook.com\/Faschingszunft","article_modified_time":"2022-12-09T07:17:06+00:00","og_image":[{"width":1000,"height":1000,"url":"https:\/\/faschingszunft.ch\/wp-content\/uploads\/2021\/06\/embroidered-simple-backpack-i-bagbase-bg126-grey-marl-front-60bf2fb926611.jpg","type":"image\/jpeg"}],"twitter_card":"summary_large_image","twitter_misc":{"Dur\u00e9e de lecture estim\u00e9e":"1 minute"},"schema":{"@context":"https:\/\/schema.org","@graph":[{"@type":"WebPage","@id":"https:\/\/faschingszunft.ch\/fr\/produkt\/sac-a-dos-brode\/","url":"https:\/\/faschingszunft.ch\/fr\/produkt\/sac-a-dos-brode\/","name":"Sac \u00e0 dos brod\u00e9 - Guilde du Carnaval Bienne","isPartOf":{"@id":"https:\/\/faschingszunft.ch\/fr\/#website"},"primaryImageOfPage":{"@id":"https:\/\/faschingszunft.ch\/fr\/produkt\/sac-a-dos-brode\/#primaryimage"},"image":{"@id":"https:\/\/faschingszunft.ch\/fr\/produkt\/sac-a-dos-brode\/#primaryimage"},"thumbnailUrl":"https:\/\/faschingszunft.ch\/wp-content\/uploads\/2021\/06\/embroidered-simple-backpack-i-bagbase-bg126-grey-marl-front-60bf2fb926611.jpg","datePublished":"2021-06-04T11:02:49+00:00","dateModified":"2022-12-09T07:17:06+00:00","breadcrumb":{"@id":"https:\/\/faschingszunft.ch\/fr\/produkt\/sac-a-dos-brode\/#breadcrumb"},"inLanguage":"fr-FR","potentialAction":[{"@type":"ReadAction","target":["https:\/\/faschingszunft.ch\/fr\/produkt\/sac-a-dos-brode\/"]}]},{"@type":"ImageObject","inLanguage":"fr-FR","@id":"https:\/\/faschingszunft.ch\/fr\/produkt\/sac-a-dos-brode\/#primaryimage","url":"https:\/\/faschingszunft.ch\/wp-content\/uploads\/2021\/06\/embroidered-simple-backpack-i-bagbase-bg126-grey-marl-front-60bf2fb926611.jpg","contentUrl":"https:\/\/faschingszunft.ch\/wp-content\/uploads\/2021\/06\/embroidered-simple-backpack-i-bagbase-bg126-grey-marl-front-60bf2fb926611.jpg","width":1000,"height":1000},{"@type":"BreadcrumbList","@id":"https:\/\/faschingszunft.ch\/fr\/produkt\/sac-a-dos-brode\/#breadcrumb","itemListElement":[{"@type":"ListItem","position":1,"name":"Startseite","item":"https:\/\/faschingszunft.ch\/fr\/home\/"},{"@type":"ListItem","position":2,"name":"Boutique","item":"https:\/\/faschingszunft.ch\/fr\/boutique\/"},{"@type":"ListItem","position":3,"name":"Sac \u00e0 dos brod\u00e9"}]},{"@type":"WebSite","@id":"https:\/\/faschingszunft.ch\/fr\/#website","url":"https:\/\/faschingszunft.ch\/fr\/","name":"Guilde du Carnaval Bienne","description":"DIE Seel\u00e4nder Fasnacht","publisher":{"@id":"https:\/\/faschingszunft.ch\/fr\/#organization"},"potentialAction":[{"@type":"SearchAction","target":{"@type":"EntryPoint","urlTemplate":"https:\/\/faschingszunft.ch\/fr\/?s={search_term_string}"},"query-input":{"@type":"PropertyValueSpecification","valueRequired":true,"valueName":"search_term_string"}}],"inLanguage":"fr-FR"},{"@type":"Organization","@id":"https:\/\/faschingszunft.ch\/fr\/#organization","name":"Guilde du Carnaval Bienne","url":"https:\/\/faschingszunft.ch\/fr\/","logo":{"@type":"ImageObject","inLanguage":"fr-FR","@id":"https:\/\/faschingszunft.ch\/fr\/#\/schema\/logo\/image\/","url":"https:\/\/faschingszunft.ch\/wp-content\/uploads\/2022\/02\/logo-512x512-1.png","contentUrl":"https:\/\/faschingszunft.ch\/wp-content\/uploads\/2022\/02\/logo-512x512-1.png","width":512,"height":512,"caption":"Guilde du Carnaval Bienne"},"image":{"@id":"https:\/\/faschingszunft.ch\/fr\/#\/schema\/logo\/image\/"},"sameAs":["https:\/\/www.facebook.com\/Faschingszunft","https:\/\/www.instagram.com\/faschingszunft_biel\/"]}]}},"publishpress_future_workflow_manual_trigger":{"enabledWorkflows":[]},"_links":{"self":[{"href":"https:\/\/faschingszunft.ch\/fr\/wp-json\/wp\/v2\/product\/16119","targetHints":{"allow":["GET"]}}],"collection":[{"href":"https:\/\/faschingszunft.ch\/fr\/wp-json\/wp\/v2\/product"}],"about":[{"href":"https:\/\/faschingszunft.ch\/fr\/wp-json\/wp\/v2\/types\/product"}],"wp:featuredmedia":[{"embeddable":true,"href":"https:\/\/faschingszunft.ch\/fr\/wp-json\/wp\/v2\/media\/13244"}],"wp:attachment":[{"href":"https:\/\/faschingszunft.ch\/fr\/wp-json\/wp\/v2\/media?parent=16119"}],"wp:term":[{"taxonomy":"product_brand","embeddable":true,"href":"https:\/\/faschingszunft.ch\/fr\/wp-json\/wp\/v2\/product_brand?post=16119"},{"taxonomy":"product_cat","embeddable":true,"href":"https:\/\/faschingszunft.ch\/fr\/wp-json\/wp\/v2\/product_cat?post=16119"},{"taxonomy":"product_tag","embeddable":true,"href":"https:\/\/faschingszunft.ch\/fr\/wp-json\/wp\/v2\/product_tag?post=16119"}],"curies":[{"name":"wp","href":"https:\/\/api.w.org\/{rel}","templated":true}]}}