{"id":16149,"date":"2021-06-03T16:52:17","date_gmt":"2021-06-03T14:52:17","guid":{"rendered":"https:\/\/faschingszunft.ch\/produkt\/sac-banane-confetti\/"},"modified":"2021-06-03T16:52:17","modified_gmt":"2021-06-03T14:52:17","slug":"sac-banane-confetti","status":"publish","type":"product","link":"https:\/\/faschingszunft.ch\/fr\/produkt\/sac-banane-confetti\/","title":{"rendered":"Sac banane confetti"},"content":{"rendered":"<p>Le sac banane est l&rsquo;accessoire ultime pour les personnes qui aiment se d\u00e9placer. Ce sac banane adaptable a tout &#8211; la bonne taille, une poche int\u00e9rieure et une sangle r\u00e9glable &#8211; pour devenir ton accessoire pr\u00e9f\u00e9r\u00e9 lorsque tu es en d\u00e9placement pour le carnaval ou que tu veux simplement avoir les mains libres.<\/p>\n<p>\n\u2022 100 % polyester<br \/>\n\u2022 Poids du tissu : 336 g\/m\u00b2<br \/>\n\u2022 Dimensions : H\u00d7L\u00d7D 16 cm \u00d7 33 cm \u00d7 7 cm<br \/>\n\u2022 Mat\u00e9riau r\u00e9sistant \u00e0 l&rsquo;eau<br \/>\n\u2022 Fermeture \u00e9clair avec 2 r\u00e9gulateurs sur le dessus<br \/>\n\u2022 Petite poche int\u00e9rieure personnalisable sans fermeture \u00e9clair<br \/>\n\u2022 Doublure en soie, avec passepoil \u00e0 l&rsquo;int\u00e9rieur des ourlets<br \/>\n\u2022 Sangle r\u00e9glable de 2,54 cm de large avec r\u00e9gulateurs en plastique en 2 tailles<\/p>\n","protected":false},"excerpt":{"rendered":"<p>Le sac banane est l&rsquo;accessoire ultime pour les personnes qui aiment se d\u00e9placer. Ce sac banane adaptable a tout &#8211; la bonne taille, une poche int\u00e9rieure et une sangle r\u00e9glable &#8211; pour devenir ton accessoire pr\u00e9f\u00e9r\u00e9 lorsque tu es en d\u00e9placement pour le carnaval ou que tu veux simplement avoir les mains libres. \u2022 100 [&hellip;]<\/p>\n","protected":false},"featured_media":0,"template":"","meta":[],"product_brand":[],"product_cat":[85],"product_tag":[],"class_list":{"0":"post-16149","1":"product","2":"type-product","3":"status-publish","5":"product_cat-accessoires-fr","7":"first","8":"instock","9":"shipping-taxable","10":"purchasable","11":"product-type-variable"},"yoast_head":"<!-- This site is optimized with the Yoast SEO plugin v27.4 - https:\/\/yoast.com\/product\/yoast-seo-wordpress\/ -->\n<title>Sac banane confetti - Guilde du Carnaval Bienne<\/title>\n<meta name=\"robots\" content=\"index, follow, max-snippet:-1, max-image-preview:large, max-video-preview:-1\" \/>\n<link rel=\"canonical\" href=\"https:\/\/faschingszunft.ch\/fr\/produkt\/sac-banane-confetti\/\" \/>\n<meta property=\"og:locale\" content=\"fr_FR\" \/>\n<meta property=\"og:type\" content=\"article\" \/>\n<meta property=\"og:title\" content=\"Sac banane confetti - Guilde du Carnaval Bienne\" \/>\n<meta property=\"og:description\" content=\"Le sac banane est l&rsquo;accessoire ultime pour les personnes qui aiment se d\u00e9placer. Ce sac banane adaptable a tout &#8211; la bonne taille, une poche int\u00e9rieure et une sangle r\u00e9glable &#8211; pour devenir ton accessoire pr\u00e9f\u00e9r\u00e9 lorsque tu es en d\u00e9placement pour le carnaval ou que tu veux simplement avoir les mains libres. \u2022 100 [&hellip;]\" \/>\n<meta property=\"og:url\" content=\"https:\/\/faschingszunft.ch\/fr\/produkt\/sac-banane-confetti\/\" \/>\n<meta property=\"og:site_name\" content=\"Guilde du Carnaval Bienne\" \/>\n<meta property=\"article:publisher\" content=\"https:\/\/www.facebook.com\/Faschingszunft\" \/>\n<meta name=\"twitter:card\" content=\"summary_large_image\" \/>\n<meta name=\"twitter:label1\" content=\"Dur\u00e9e de lecture estim\u00e9e\" \/>\n\t<meta name=\"twitter:data1\" content=\"1 minute\" \/>\n<script type=\"application\/ld+json\" class=\"yoast-schema-graph\">{\"@context\":\"https:\\\/\\\/schema.org\",\"@graph\":[{\"@type\":\"WebPage\",\"@id\":\"https:\\\/\\\/faschingszunft.ch\\\/fr\\\/produkt\\\/sac-banane-confetti\\\/\",\"url\":\"https:\\\/\\\/faschingszunft.ch\\\/fr\\\/produkt\\\/sac-banane-confetti\\\/\",\"name\":\"Sac banane confetti - Guilde du Carnaval Bienne\",\"isPartOf\":{\"@id\":\"https:\\\/\\\/faschingszunft.ch\\\/fr\\\/#website\"},\"datePublished\":\"2021-06-03T14:52:17+00:00\",\"breadcrumb\":{\"@id\":\"https:\\\/\\\/faschingszunft.ch\\\/fr\\\/produkt\\\/sac-banane-confetti\\\/#breadcrumb\"},\"inLanguage\":\"fr-FR\",\"potentialAction\":[{\"@type\":\"ReadAction\",\"target\":[\"https:\\\/\\\/faschingszunft.ch\\\/fr\\\/produkt\\\/sac-banane-confetti\\\/\"]}]},{\"@type\":\"BreadcrumbList\",\"@id\":\"https:\\\/\\\/faschingszunft.ch\\\/fr\\\/produkt\\\/sac-banane-confetti\\\/#breadcrumb\",\"itemListElement\":[{\"@type\":\"ListItem\",\"position\":1,\"name\":\"Startseite\",\"item\":\"https:\\\/\\\/faschingszunft.ch\\\/fr\\\/home\\\/\"},{\"@type\":\"ListItem\",\"position\":2,\"name\":\"Boutique\",\"item\":\"https:\\\/\\\/faschingszunft.ch\\\/fr\\\/boutique\\\/\"},{\"@type\":\"ListItem\",\"position\":3,\"name\":\"Sac banane confetti\"}]},{\"@type\":\"WebSite\",\"@id\":\"https:\\\/\\\/faschingszunft.ch\\\/fr\\\/#website\",\"url\":\"https:\\\/\\\/faschingszunft.ch\\\/fr\\\/\",\"name\":\"Guilde du Carnaval Bienne\",\"description\":\"DIE Seel\u00e4nder Fasnacht\",\"publisher\":{\"@id\":\"https:\\\/\\\/faschingszunft.ch\\\/fr\\\/#organization\"},\"potentialAction\":[{\"@type\":\"SearchAction\",\"target\":{\"@type\":\"EntryPoint\",\"urlTemplate\":\"https:\\\/\\\/faschingszunft.ch\\\/fr\\\/?s={search_term_string}\"},\"query-input\":{\"@type\":\"PropertyValueSpecification\",\"valueRequired\":true,\"valueName\":\"search_term_string\"}}],\"inLanguage\":\"fr-FR\"},{\"@type\":\"Organization\",\"@id\":\"https:\\\/\\\/faschingszunft.ch\\\/fr\\\/#organization\",\"name\":\"Guilde du Carnaval Bienne\",\"url\":\"https:\\\/\\\/faschingszunft.ch\\\/fr\\\/\",\"logo\":{\"@type\":\"ImageObject\",\"inLanguage\":\"fr-FR\",\"@id\":\"https:\\\/\\\/faschingszunft.ch\\\/fr\\\/#\\\/schema\\\/logo\\\/image\\\/\",\"url\":\"https:\\\/\\\/faschingszunft.ch\\\/wp-content\\\/uploads\\\/2022\\\/02\\\/logo-512x512-1.png\",\"contentUrl\":\"https:\\\/\\\/faschingszunft.ch\\\/wp-content\\\/uploads\\\/2022\\\/02\\\/logo-512x512-1.png\",\"width\":512,\"height\":512,\"caption\":\"Guilde du Carnaval Bienne\"},\"image\":{\"@id\":\"https:\\\/\\\/faschingszunft.ch\\\/fr\\\/#\\\/schema\\\/logo\\\/image\\\/\"},\"sameAs\":[\"https:\\\/\\\/www.facebook.com\\\/Faschingszunft\",\"https:\\\/\\\/www.instagram.com\\\/faschingszunft_biel\\\/\"]}]}<\/script>\n<!-- \/ Yoast SEO plugin. -->","yoast_head_json":{"title":"Sac banane confetti - Guilde du Carnaval Bienne","robots":{"index":"index","follow":"follow","max-snippet":"max-snippet:-1","max-image-preview":"max-image-preview:large","max-video-preview":"max-video-preview:-1"},"canonical":"https:\/\/faschingszunft.ch\/fr\/produkt\/sac-banane-confetti\/","og_locale":"fr_FR","og_type":"article","og_title":"Sac banane confetti - Guilde du Carnaval Bienne","og_description":"Le sac banane est l&rsquo;accessoire ultime pour les personnes qui aiment se d\u00e9placer. Ce sac banane adaptable a tout &#8211; la bonne taille, une poche int\u00e9rieure et une sangle r\u00e9glable &#8211; pour devenir ton accessoire pr\u00e9f\u00e9r\u00e9 lorsque tu es en d\u00e9placement pour le carnaval ou que tu veux simplement avoir les mains libres. \u2022 100 [&hellip;]","og_url":"https:\/\/faschingszunft.ch\/fr\/produkt\/sac-banane-confetti\/","og_site_name":"Guilde du Carnaval Bienne","article_publisher":"https:\/\/www.facebook.com\/Faschingszunft","twitter_card":"summary_large_image","twitter_misc":{"Dur\u00e9e de lecture estim\u00e9e":"1 minute"},"schema":{"@context":"https:\/\/schema.org","@graph":[{"@type":"WebPage","@id":"https:\/\/faschingszunft.ch\/fr\/produkt\/sac-banane-confetti\/","url":"https:\/\/faschingszunft.ch\/fr\/produkt\/sac-banane-confetti\/","name":"Sac banane confetti - Guilde du Carnaval Bienne","isPartOf":{"@id":"https:\/\/faschingszunft.ch\/fr\/#website"},"datePublished":"2021-06-03T14:52:17+00:00","breadcrumb":{"@id":"https:\/\/faschingszunft.ch\/fr\/produkt\/sac-banane-confetti\/#breadcrumb"},"inLanguage":"fr-FR","potentialAction":[{"@type":"ReadAction","target":["https:\/\/faschingszunft.ch\/fr\/produkt\/sac-banane-confetti\/"]}]},{"@type":"BreadcrumbList","@id":"https:\/\/faschingszunft.ch\/fr\/produkt\/sac-banane-confetti\/#breadcrumb","itemListElement":[{"@type":"ListItem","position":1,"name":"Startseite","item":"https:\/\/faschingszunft.ch\/fr\/home\/"},{"@type":"ListItem","position":2,"name":"Boutique","item":"https:\/\/faschingszunft.ch\/fr\/boutique\/"},{"@type":"ListItem","position":3,"name":"Sac banane confetti"}]},{"@type":"WebSite","@id":"https:\/\/faschingszunft.ch\/fr\/#website","url":"https:\/\/faschingszunft.ch\/fr\/","name":"Guilde du Carnaval Bienne","description":"DIE Seel\u00e4nder Fasnacht","publisher":{"@id":"https:\/\/faschingszunft.ch\/fr\/#organization"},"potentialAction":[{"@type":"SearchAction","target":{"@type":"EntryPoint","urlTemplate":"https:\/\/faschingszunft.ch\/fr\/?s={search_term_string}"},"query-input":{"@type":"PropertyValueSpecification","valueRequired":true,"valueName":"search_term_string"}}],"inLanguage":"fr-FR"},{"@type":"Organization","@id":"https:\/\/faschingszunft.ch\/fr\/#organization","name":"Guilde du Carnaval Bienne","url":"https:\/\/faschingszunft.ch\/fr\/","logo":{"@type":"ImageObject","inLanguage":"fr-FR","@id":"https:\/\/faschingszunft.ch\/fr\/#\/schema\/logo\/image\/","url":"https:\/\/faschingszunft.ch\/wp-content\/uploads\/2022\/02\/logo-512x512-1.png","contentUrl":"https:\/\/faschingszunft.ch\/wp-content\/uploads\/2022\/02\/logo-512x512-1.png","width":512,"height":512,"caption":"Guilde du Carnaval Bienne"},"image":{"@id":"https:\/\/faschingszunft.ch\/fr\/#\/schema\/logo\/image\/"},"sameAs":["https:\/\/www.facebook.com\/Faschingszunft","https:\/\/www.instagram.com\/faschingszunft_biel\/"]}]}},"publishpress_future_workflow_manual_trigger":{"enabledWorkflows":[]},"_links":{"self":[{"href":"https:\/\/faschingszunft.ch\/fr\/wp-json\/wp\/v2\/product\/16149","targetHints":{"allow":["GET"]}}],"collection":[{"href":"https:\/\/faschingszunft.ch\/fr\/wp-json\/wp\/v2\/product"}],"about":[{"href":"https:\/\/faschingszunft.ch\/fr\/wp-json\/wp\/v2\/types\/product"}],"wp:attachment":[{"href":"https:\/\/faschingszunft.ch\/fr\/wp-json\/wp\/v2\/media?parent=16149"}],"wp:term":[{"taxonomy":"product_brand","embeddable":true,"href":"https:\/\/faschingszunft.ch\/fr\/wp-json\/wp\/v2\/product_brand?post=16149"},{"taxonomy":"product_cat","embeddable":true,"href":"https:\/\/faschingszunft.ch\/fr\/wp-json\/wp\/v2\/product_cat?post=16149"},{"taxonomy":"product_tag","embeddable":true,"href":"https:\/\/faschingszunft.ch\/fr\/wp-json\/wp\/v2\/product_tag?post=16149"}],"curies":[{"name":"wp","href":"https:\/\/api.w.org\/{rel}","templated":true}]}}