{"id":20821,"date":"2024-11-08T10:01:40","date_gmt":"2024-11-08T09:01:40","guid":{"rendered":"https:\/\/faschingszunft.ch\/?post_type=product&#038;p=20821"},"modified":"2024-11-09T21:09:51","modified_gmt":"2024-11-09T20:09:51","slug":"chiffon-multifonctionnel","status":"publish","type":"product","link":"https:\/\/faschingszunft.ch\/fr\/produkt\/chiffon-multifonctionnel\/","title":{"rendered":"Foulard multifonction"},"content":{"rendered":"<p><span style=\"display: inline-block; width: 0px; overflow: hidden; line-height: 0;\" data-mce-type=\"bookmark\" class=\"mce_SELRES_start\">\ufeff<\/span>En microfibre de haute qualit\u00e9 d&rsquo;une \u00e9paisseur de 130 g\/m\u00b2, le mat\u00e9riel est thermo-isolant, respirant et s\u00e8che rapidement. Id\u00e9al pour une utilisation toute l&rsquo;ann\u00e9e et en tant que <strong>stop-confettis<\/strong> sous le masque! Ce foulard tubulaire imprim\u00e9 se lave facilement \u00e0 60\u00b0C en machine \u00e0 laver. M\u00eame les salissures importantes ou les germes peuvent \u00eatre \u00e9limin\u00e9s efficacement en lessive normale.<\/p>\n","protected":false},"excerpt":{"rendered":"<p>\ufeffEn microfibre de haute qualit\u00e9 d&rsquo;une \u00e9paisseur de 130 g\/m\u00b2, le mat\u00e9riel est thermo-isolant, respirant et s\u00e8che rapidement. Id\u00e9al pour une utilisation toute l&rsquo;ann\u00e9e et en tant que stop-confettis sous le masque! Ce foulard tubulaire imprim\u00e9 se lave facilement \u00e0 60\u00b0C en machine \u00e0 laver. M\u00eame les salissures importantes ou les germes peuvent \u00eatre \u00e9limin\u00e9s [&hellip;]<\/p>\n","protected":false},"featured_media":20811,"template":"","meta":[],"product_brand":[],"product_cat":[86],"product_tag":[],"class_list":{"0":"post-20821","1":"product","2":"type-product","3":"status-publish","4":"has-post-thumbnail","6":"product_cat-textile","7":"product_shipping_class-petites-fournitures","9":"first","10":"instock","11":"shipping-taxable","12":"purchasable","13":"product-type-variable"},"yoast_head":"<!-- This site is optimized with the Yoast SEO plugin v27.4 - https:\/\/yoast.com\/product\/yoast-seo-wordpress\/ -->\n<title>Foulard multifonction - Guilde du Carnaval Bienne<\/title>\n<meta name=\"robots\" content=\"index, follow, max-snippet:-1, max-image-preview:large, max-video-preview:-1\" \/>\n<link rel=\"canonical\" href=\"https:\/\/faschingszunft.ch\/fr\/produkt\/chiffon-multifonctionnel\/\" \/>\n<meta property=\"og:locale\" content=\"fr_FR\" \/>\n<meta property=\"og:type\" content=\"article\" \/>\n<meta property=\"og:title\" content=\"Foulard multifonction - Guilde du Carnaval Bienne\" \/>\n<meta property=\"og:description\" content=\"\ufeffEn microfibre de haute qualit\u00e9 d&rsquo;une \u00e9paisseur de 130 g\/m\u00b2, le mat\u00e9riel est thermo-isolant, respirant et s\u00e8che rapidement. Id\u00e9al pour une utilisation toute l&rsquo;ann\u00e9e et en tant que stop-confettis sous le masque! Ce foulard tubulaire imprim\u00e9 se lave facilement \u00e0 60\u00b0C en machine \u00e0 laver. M\u00eame les salissures importantes ou les germes peuvent \u00eatre \u00e9limin\u00e9s [&hellip;]\" \/>\n<meta property=\"og:url\" content=\"https:\/\/faschingszunft.ch\/fr\/produkt\/chiffon-multifonctionnel\/\" \/>\n<meta property=\"og:site_name\" content=\"Guilde du Carnaval Bienne\" \/>\n<meta property=\"article:publisher\" content=\"https:\/\/www.facebook.com\/Faschingszunft\" \/>\n<meta property=\"article:modified_time\" content=\"2024-11-09T20:09:51+00:00\" \/>\n<meta property=\"og:image\" content=\"https:\/\/faschingszunft.ch\/wp-content\/uploads\/2024\/11\/multifunktion-1.webp\" \/>\n\t<meta property=\"og:image:width\" content=\"1000\" \/>\n\t<meta property=\"og:image:height\" content=\"625\" \/>\n\t<meta property=\"og:image:type\" content=\"image\/webp\" \/>\n<meta name=\"twitter:card\" content=\"summary_large_image\" \/>\n<meta name=\"twitter:label1\" content=\"Dur\u00e9e de lecture estim\u00e9e\" \/>\n\t<meta name=\"twitter:data1\" content=\"1 minute\" \/>\n<script type=\"application\/ld+json\" class=\"yoast-schema-graph\">{\"@context\":\"https:\\\/\\\/schema.org\",\"@graph\":[{\"@type\":\"WebPage\",\"@id\":\"https:\\\/\\\/faschingszunft.ch\\\/fr\\\/produkt\\\/chiffon-multifonctionnel\\\/\",\"url\":\"https:\\\/\\\/faschingszunft.ch\\\/fr\\\/produkt\\\/chiffon-multifonctionnel\\\/\",\"name\":\"Foulard multifonction - Guilde du Carnaval Bienne\",\"isPartOf\":{\"@id\":\"https:\\\/\\\/faschingszunft.ch\\\/fr\\\/#website\"},\"primaryImageOfPage\":{\"@id\":\"https:\\\/\\\/faschingszunft.ch\\\/fr\\\/produkt\\\/chiffon-multifonctionnel\\\/#primaryimage\"},\"image\":{\"@id\":\"https:\\\/\\\/faschingszunft.ch\\\/fr\\\/produkt\\\/chiffon-multifonctionnel\\\/#primaryimage\"},\"thumbnailUrl\":\"https:\\\/\\\/faschingszunft.ch\\\/wp-content\\\/uploads\\\/2024\\\/11\\\/multifunktion-1.webp\",\"datePublished\":\"2024-11-08T09:01:40+00:00\",\"dateModified\":\"2024-11-09T20:09:51+00:00\",\"breadcrumb\":{\"@id\":\"https:\\\/\\\/faschingszunft.ch\\\/fr\\\/produkt\\\/chiffon-multifonctionnel\\\/#breadcrumb\"},\"inLanguage\":\"fr-FR\",\"potentialAction\":[{\"@type\":\"ReadAction\",\"target\":[\"https:\\\/\\\/faschingszunft.ch\\\/fr\\\/produkt\\\/chiffon-multifonctionnel\\\/\"]}]},{\"@type\":\"ImageObject\",\"inLanguage\":\"fr-FR\",\"@id\":\"https:\\\/\\\/faschingszunft.ch\\\/fr\\\/produkt\\\/chiffon-multifonctionnel\\\/#primaryimage\",\"url\":\"https:\\\/\\\/faschingszunft.ch\\\/wp-content\\\/uploads\\\/2024\\\/11\\\/multifunktion-1.webp\",\"contentUrl\":\"https:\\\/\\\/faschingszunft.ch\\\/wp-content\\\/uploads\\\/2024\\\/11\\\/multifunktion-1.webp\",\"width\":1000,\"height\":625},{\"@type\":\"BreadcrumbList\",\"@id\":\"https:\\\/\\\/faschingszunft.ch\\\/fr\\\/produkt\\\/chiffon-multifonctionnel\\\/#breadcrumb\",\"itemListElement\":[{\"@type\":\"ListItem\",\"position\":1,\"name\":\"Startseite\",\"item\":\"https:\\\/\\\/faschingszunft.ch\\\/fr\\\/home\\\/\"},{\"@type\":\"ListItem\",\"position\":2,\"name\":\"Boutique\",\"item\":\"https:\\\/\\\/faschingszunft.ch\\\/fr\\\/boutique\\\/\"},{\"@type\":\"ListItem\",\"position\":3,\"name\":\"Foulard multifonction\"}]},{\"@type\":\"WebSite\",\"@id\":\"https:\\\/\\\/faschingszunft.ch\\\/fr\\\/#website\",\"url\":\"https:\\\/\\\/faschingszunft.ch\\\/fr\\\/\",\"name\":\"Guilde du Carnaval Bienne\",\"description\":\"DIE Seel\u00e4nder Fasnacht\",\"publisher\":{\"@id\":\"https:\\\/\\\/faschingszunft.ch\\\/fr\\\/#organization\"},\"potentialAction\":[{\"@type\":\"SearchAction\",\"target\":{\"@type\":\"EntryPoint\",\"urlTemplate\":\"https:\\\/\\\/faschingszunft.ch\\\/fr\\\/?s={search_term_string}\"},\"query-input\":{\"@type\":\"PropertyValueSpecification\",\"valueRequired\":true,\"valueName\":\"search_term_string\"}}],\"inLanguage\":\"fr-FR\"},{\"@type\":\"Organization\",\"@id\":\"https:\\\/\\\/faschingszunft.ch\\\/fr\\\/#organization\",\"name\":\"Guilde du Carnaval Bienne\",\"url\":\"https:\\\/\\\/faschingszunft.ch\\\/fr\\\/\",\"logo\":{\"@type\":\"ImageObject\",\"inLanguage\":\"fr-FR\",\"@id\":\"https:\\\/\\\/faschingszunft.ch\\\/fr\\\/#\\\/schema\\\/logo\\\/image\\\/\",\"url\":\"https:\\\/\\\/faschingszunft.ch\\\/wp-content\\\/uploads\\\/2022\\\/02\\\/logo-512x512-1.png\",\"contentUrl\":\"https:\\\/\\\/faschingszunft.ch\\\/wp-content\\\/uploads\\\/2022\\\/02\\\/logo-512x512-1.png\",\"width\":512,\"height\":512,\"caption\":\"Guilde du Carnaval Bienne\"},\"image\":{\"@id\":\"https:\\\/\\\/faschingszunft.ch\\\/fr\\\/#\\\/schema\\\/logo\\\/image\\\/\"},\"sameAs\":[\"https:\\\/\\\/www.facebook.com\\\/Faschingszunft\",\"https:\\\/\\\/www.instagram.com\\\/faschingszunft_biel\\\/\"]}]}<\/script>\n<!-- \/ Yoast SEO plugin. -->","yoast_head_json":{"title":"Foulard multifonction - Guilde du Carnaval Bienne","robots":{"index":"index","follow":"follow","max-snippet":"max-snippet:-1","max-image-preview":"max-image-preview:large","max-video-preview":"max-video-preview:-1"},"canonical":"https:\/\/faschingszunft.ch\/fr\/produkt\/chiffon-multifonctionnel\/","og_locale":"fr_FR","og_type":"article","og_title":"Foulard multifonction - Guilde du Carnaval Bienne","og_description":"\ufeffEn microfibre de haute qualit\u00e9 d&rsquo;une \u00e9paisseur de 130 g\/m\u00b2, le mat\u00e9riel est thermo-isolant, respirant et s\u00e8che rapidement. Id\u00e9al pour une utilisation toute l&rsquo;ann\u00e9e et en tant que stop-confettis sous le masque! Ce foulard tubulaire imprim\u00e9 se lave facilement \u00e0 60\u00b0C en machine \u00e0 laver. M\u00eame les salissures importantes ou les germes peuvent \u00eatre \u00e9limin\u00e9s [&hellip;]","og_url":"https:\/\/faschingszunft.ch\/fr\/produkt\/chiffon-multifonctionnel\/","og_site_name":"Guilde du Carnaval Bienne","article_publisher":"https:\/\/www.facebook.com\/Faschingszunft","article_modified_time":"2024-11-09T20:09:51+00:00","og_image":[{"width":1000,"height":625,"url":"https:\/\/faschingszunft.ch\/wp-content\/uploads\/2024\/11\/multifunktion-1.webp","type":"image\/webp"}],"twitter_card":"summary_large_image","twitter_misc":{"Dur\u00e9e de lecture estim\u00e9e":"1 minute"},"schema":{"@context":"https:\/\/schema.org","@graph":[{"@type":"WebPage","@id":"https:\/\/faschingszunft.ch\/fr\/produkt\/chiffon-multifonctionnel\/","url":"https:\/\/faschingszunft.ch\/fr\/produkt\/chiffon-multifonctionnel\/","name":"Foulard multifonction - Guilde du Carnaval Bienne","isPartOf":{"@id":"https:\/\/faschingszunft.ch\/fr\/#website"},"primaryImageOfPage":{"@id":"https:\/\/faschingszunft.ch\/fr\/produkt\/chiffon-multifonctionnel\/#primaryimage"},"image":{"@id":"https:\/\/faschingszunft.ch\/fr\/produkt\/chiffon-multifonctionnel\/#primaryimage"},"thumbnailUrl":"https:\/\/faschingszunft.ch\/wp-content\/uploads\/2024\/11\/multifunktion-1.webp","datePublished":"2024-11-08T09:01:40+00:00","dateModified":"2024-11-09T20:09:51+00:00","breadcrumb":{"@id":"https:\/\/faschingszunft.ch\/fr\/produkt\/chiffon-multifonctionnel\/#breadcrumb"},"inLanguage":"fr-FR","potentialAction":[{"@type":"ReadAction","target":["https:\/\/faschingszunft.ch\/fr\/produkt\/chiffon-multifonctionnel\/"]}]},{"@type":"ImageObject","inLanguage":"fr-FR","@id":"https:\/\/faschingszunft.ch\/fr\/produkt\/chiffon-multifonctionnel\/#primaryimage","url":"https:\/\/faschingszunft.ch\/wp-content\/uploads\/2024\/11\/multifunktion-1.webp","contentUrl":"https:\/\/faschingszunft.ch\/wp-content\/uploads\/2024\/11\/multifunktion-1.webp","width":1000,"height":625},{"@type":"BreadcrumbList","@id":"https:\/\/faschingszunft.ch\/fr\/produkt\/chiffon-multifonctionnel\/#breadcrumb","itemListElement":[{"@type":"ListItem","position":1,"name":"Startseite","item":"https:\/\/faschingszunft.ch\/fr\/home\/"},{"@type":"ListItem","position":2,"name":"Boutique","item":"https:\/\/faschingszunft.ch\/fr\/boutique\/"},{"@type":"ListItem","position":3,"name":"Foulard multifonction"}]},{"@type":"WebSite","@id":"https:\/\/faschingszunft.ch\/fr\/#website","url":"https:\/\/faschingszunft.ch\/fr\/","name":"Guilde du Carnaval Bienne","description":"DIE Seel\u00e4nder Fasnacht","publisher":{"@id":"https:\/\/faschingszunft.ch\/fr\/#organization"},"potentialAction":[{"@type":"SearchAction","target":{"@type":"EntryPoint","urlTemplate":"https:\/\/faschingszunft.ch\/fr\/?s={search_term_string}"},"query-input":{"@type":"PropertyValueSpecification","valueRequired":true,"valueName":"search_term_string"}}],"inLanguage":"fr-FR"},{"@type":"Organization","@id":"https:\/\/faschingszunft.ch\/fr\/#organization","name":"Guilde du Carnaval Bienne","url":"https:\/\/faschingszunft.ch\/fr\/","logo":{"@type":"ImageObject","inLanguage":"fr-FR","@id":"https:\/\/faschingszunft.ch\/fr\/#\/schema\/logo\/image\/","url":"https:\/\/faschingszunft.ch\/wp-content\/uploads\/2022\/02\/logo-512x512-1.png","contentUrl":"https:\/\/faschingszunft.ch\/wp-content\/uploads\/2022\/02\/logo-512x512-1.png","width":512,"height":512,"caption":"Guilde du Carnaval Bienne"},"image":{"@id":"https:\/\/faschingszunft.ch\/fr\/#\/schema\/logo\/image\/"},"sameAs":["https:\/\/www.facebook.com\/Faschingszunft","https:\/\/www.instagram.com\/faschingszunft_biel\/"]}]}},"publishpress_future_workflow_manual_trigger":{"enabledWorkflows":[]},"_links":{"self":[{"href":"https:\/\/faschingszunft.ch\/fr\/wp-json\/wp\/v2\/product\/20821","targetHints":{"allow":["GET"]}}],"collection":[{"href":"https:\/\/faschingszunft.ch\/fr\/wp-json\/wp\/v2\/product"}],"about":[{"href":"https:\/\/faschingszunft.ch\/fr\/wp-json\/wp\/v2\/types\/product"}],"wp:featuredmedia":[{"embeddable":true,"href":"https:\/\/faschingszunft.ch\/fr\/wp-json\/wp\/v2\/media\/20811"}],"wp:attachment":[{"href":"https:\/\/faschingszunft.ch\/fr\/wp-json\/wp\/v2\/media?parent=20821"}],"wp:term":[{"taxonomy":"product_brand","embeddable":true,"href":"https:\/\/faschingszunft.ch\/fr\/wp-json\/wp\/v2\/product_brand?post=20821"},{"taxonomy":"product_cat","embeddable":true,"href":"https:\/\/faschingszunft.ch\/fr\/wp-json\/wp\/v2\/product_cat?post=20821"},{"taxonomy":"product_tag","embeddable":true,"href":"https:\/\/faschingszunft.ch\/fr\/wp-json\/wp\/v2\/product_tag?post=20821"}],"curies":[{"name":"wp","href":"https:\/\/api.w.org\/{rel}","templated":true}]}}